{"id":9167,"date":"2022-04-01T14:13:08","date_gmt":"2022-04-01T14:13:08","guid":{"rendered":"http:\/\/tbalawfirm.com\/?post_type=product&#038;p=9167"},"modified":"2023-01-01T00:59:29","modified_gmt":"2023-01-01T00:59:29","slug":"hipaa-authorization","status":"publish","type":"product","link":"https:\/\/tbalawfirm.com\/es\/producto\/hipaa-authorization\/","title":{"rendered":"HIPAA divulgaci\u00f3n de Expedientes M\u00e9dicos"},"content":{"rendered":"","protected":false},"excerpt":{"rendered":"<p>HIPAA divulgaci\u00f3n de Expedientes M\u00e9dicos<\/p>","protected":false},"featured_media":33,"comment_status":"open","ping_status":"closed","template":"","meta":[],"product_brand":[],"product_cat":[54],"product_tag":[],"class_list":{"0":"post-9167","1":"product","2":"type-product","3":"status-publish","4":"has-post-thumbnail","6":"product_cat-uncategorized","7":"aeen-post-thumb","9":"first","10":"instock","11":"downloadable","12":"virtual","13":"purchasable","14":"product-type-simple"},"_links":{"self":[{"href":"https:\/\/tbalawfirm.com\/es\/wp-json\/wp\/v2\/product\/9167","targetHints":{"allow":["GET"]}}],"collection":[{"href":"https:\/\/tbalawfirm.com\/es\/wp-json\/wp\/v2\/product"}],"about":[{"href":"https:\/\/tbalawfirm.com\/es\/wp-json\/wp\/v2\/types\/product"}],"replies":[{"embeddable":true,"href":"https:\/\/tbalawfirm.com\/es\/wp-json\/wp\/v2\/comments?post=9167"}],"wp:featuredmedia":[{"embeddable":true,"href":"https:\/\/tbalawfirm.com\/es\/wp-json\/wp\/v2\/media\/33"}],"wp:attachment":[{"href":"https:\/\/tbalawfirm.com\/es\/wp-json\/wp\/v2\/media?parent=9167"}],"wp:term":[{"taxonomy":"product_brand","embeddable":true,"href":"https:\/\/tbalawfirm.com\/es\/wp-json\/wp\/v2\/product_brand?post=9167"},{"taxonomy":"product_cat","embeddable":true,"href":"https:\/\/tbalawfirm.com\/es\/wp-json\/wp\/v2\/product_cat?post=9167"},{"taxonomy":"product_tag","embeddable":true,"href":"https:\/\/tbalawfirm.com\/es\/wp-json\/wp\/v2\/product_tag?post=9167"}],"curies":[{"name":"wp","href":"https:\/\/api.w.org\/{rel}","templated":true}]}}